{"id":389,"date":"2022-10-06T05:47:37","date_gmt":"2022-10-06T05:47:37","guid":{"rendered":"http:\/\/alwinawerwai.com\/?page_id=389"},"modified":"2023-01-09T21:10:28","modified_gmt":"2023-01-09T21:10:28","slug":"agb","status":"publish","type":"page","link":"https:\/\/alwinawerwai.com\/en\/agb\/","title":{"rendered":"AGB"},"content":{"rendered":"<div data-elementor-type=\"wp-page\" data-elementor-id=\"389\" class=\"elementor elementor-389\" data-elementor-post-type=\"page\">\n\t\t\t\t\t\t<section class=\"elementor-section elementor-top-section elementor-element elementor-element-dbbe72b elementor-section-boxed elementor-section-height-default elementor-section-height-default\" data-id=\"dbbe72b\" data-element_type=\"section\" data-e-type=\"section\">\n\t\t\t\t\t\t<div class=\"elementor-container elementor-column-gap-default\">\n\t\t\t\t\t<div class=\"elementor-column elementor-col-100 elementor-top-column elementor-element elementor-element-9176b72\" data-id=\"9176b72\" data-element_type=\"column\" data-e-type=\"column\">\n\t\t\t<div class=\"elementor-widget-wrap elementor-element-populated\">\n\t\t\t\t\t\t<div class=\"elementor-element elementor-element-20d6a3d elementor-widget elementor-widget-text-editor\" data-id=\"20d6a3d\" data-element_type=\"widget\" data-e-type=\"widget\" data-widget_type=\"text-editor.default\">\n\t\t\t\t<div class=\"elementor-widget-container\">\n\t\t\t\t\t\t\t\t\t<p style=\"max-width: 100%; caret-color: #1b1b1b; color: #1b1b1b; font-family: -apple-system-font; font-size: 18px;\" data-reader-unique-id=\"1\"><span style=\"max-width: 100%;\" data-reader-unique-id=\"2\"><strong>DER EINFACHHEIT HALBER WIRD IN DEN AGB DIE WEIBLICHE FORM VON AUFTRAGGEBER, KUNDE &amp; Co. VERWENDET. ALWINA WERWAI BITTET DIES ZU AKZEPTIEREN.<\/strong><\/span><\/p>\n<p style=\"max-width: 100%; caret-color: #1b1b1b; color: #1b1b1b; font-family: -apple-system-font; font-size: 18px;\" data-reader-unique-id=\"1\"><span style=\"max-width: 100%;\" data-reader-unique-id=\"2\"><strong>Die&nbsp;<\/strong><strong style=\"max-width: 100%;\" data-reader-unique-id=\"3\">Auftraggeberin&nbsp;<\/strong><\/span><strong style=\"max-width: 100%;\" data-reader-unique-id=\"3\">verpflichtet sich, die Gesch\u00e4ftsbedingungen sorgf\u00e4ltig zu lesen und vollst\u00e4ndig zur Kenntnis zu nehmen. Die nachfolgenden AGB gelten f\u00fcr alle erteilten Auftr\u00e4ge. Sie gelten als vereinbart, wenn ihnen nicht umgehend widersprochen wird.<\/strong>&nbsp;<\/p>\n<p style=\"max-width: 100%; caret-color: #1b1b1b; color: #1b1b1b; font-family: -apple-system-font; font-size: 18px;\" data-reader-unique-id=\"7\"><span style=\"max-width: 100%;\" data-reader-unique-id=\"8\"><strong style=\"max-width: 100%;\" data-reader-unique-id=\"9\">Allgemeines<\/strong><\/span><\/p>\n<p style=\"max-width: 100%; caret-color: #1b1b1b; color: #1b1b1b; font-family: -apple-system-font; font-size: 18px;\" data-reader-unique-id=\"7\">F\u00fcr alle zuk\u00fcnftigen Buchungen, Auf- sowie Vertr\u00e4ge gelten die nachfolgenden allgemeinen Gesch\u00e4ftsbedingungen. Abweichende Bedingungen k\u00f6nnen individuell vereinbart werden. Diese werden jedoch vor Erbringung der Dienstleistung mit der Auftraggeberin kommuniziert und vereinbart. Diese gelten, wenn nicht ausdr\u00fccklich und schriftlich vor Erbringung der Dienstleistung widersprochen wird.&nbsp;<\/p>\n<p style=\"max-width: 100%; caret-color: #1b1b1b; color: #1b1b1b; font-family: -apple-system-font; font-size: 18px;\" data-reader-unique-id=\"15\">Alwina Werwai ist jederzeit berechtigt diese Allgemeinen Gesch\u00e4ftsbedingungen einschlie\u00dflich aller eventuellen Anlagen zu \u00e4ndern oder zu erg\u00e4nzen. Bei Schreib-, Druck- und Rechtschreibfehlern \u00fcbernimmt Alwina Werwai keine Haftung. Alwina Werwai ist berechtigt, jederzeit ohne Angaben von Gr\u00fcnden von jedem Vertrag zur\u00fccktreten.&nbsp;<\/p>\n<p style=\"max-width: 100%; caret-color: #1b1b1b; color: #1b1b1b; font-family: -apple-system-font; font-size: 18px;\" data-reader-unique-id=\"26\"><span style=\"max-width: 100%;\" data-reader-unique-id=\"27\"><strong style=\"max-width: 100%;\" data-reader-unique-id=\"28\">Preise<\/strong><\/span><\/p>\n<p style=\"max-width: 100%; caret-color: #1b1b1b; color: #1b1b1b; font-family: -apple-system-font; font-size: 18px;\" data-reader-unique-id=\"32\"><span style=\"max-width: 100%;\" data-reader-unique-id=\"33\">Die Preise sind der&nbsp;aktuellen \u00dcbersicht der Website zu entnehmen.&nbsp;<\/span>Alwina Werwai beh\u00e4lt sich das Recht vor, die Preise von Zeit zu Zeit anzupassen und zu ver\u00e4ndern. Die Preise werden nicht im Laufe der Auftrags- und Vertragsabwicklung ver\u00e4ndert. Von Preisverhandlungen bittet Alwina Werwai abzusehen.&nbsp;<\/p>\n<p style=\"max-width: 100%; caret-color: #1b1b1b; color: #1b1b1b; font-family: -apple-system-font; font-size: 18px;\" data-reader-unique-id=\"40\"><strong style=\"max-width: 100%;\" data-reader-unique-id=\"45\">Festbuchung und Zahlung<\/strong><\/p>\n<p style=\"max-width: 100%; caret-color: #1b1b1b; color: #1b1b1b; font-family: -apple-system-font; font-size: 18px;\" data-reader-unique-id=\"46\">Bei Festbuchung des Hochzeitstermins ist eine&nbsp;<u style=\"max-width: 100%;\" data-reader-unique-id=\"50\">Reservierungs- und Bearbeitungsgeb\u00fchr in H\u00f6he von 149\u20ac&nbsp;<\/u>f\u00e4llig und gilt als Anzahlung. Sie ist innerhalb von 7 Tagen nach Erhalt des Vertrages und der Buchungsbest\u00e4tigung termingerecht per \u00dcberweisung zu zahlen. Eine Festbuchung kommt mit Anzahlung und Unterschrift somit verbindlich zustande.<\/p>\n<p style=\"max-width: 100%; caret-color: #1b1b1b; color: #1b1b1b; font-family: -apple-system-font; font-size: 18px;\" data-reader-unique-id=\"46\">Alle Zahlungsbedingungen sind, je nach Paket, unterschiedlich und detailliert dem Vertrag zu entnehmen. Sie gelten ohne Abz\u00fcge.<\/p>\n<p style=\"max-width: 100%; caret-color: #1b1b1b; color: #1b1b1b; font-family: -apple-system-font; font-size: 18px;\" data-reader-unique-id=\"66\"><span style=\"max-width: 100%;\" data-reader-unique-id=\"67\">CORONA ist als Absagegrund nicht mehr geltend.&nbsp;<\/span><\/p>\n<p style=\"max-width: 100%; caret-color: #1b1b1b; color: #1b1b1b; font-family: -apple-system-font; font-size: 18px;\" data-reader-unique-id=\"71\"><span style=\"max-width: 100%;\" data-reader-unique-id=\"72\"><strong style=\"max-width: 100%;\" data-reader-unique-id=\"73\">Weitere Buchungen | Kooperationen | Shootings<\/strong><br class=\"clear\" style=\"max-width: 100%; clear: both;\" data-reader-unique-id=\"74\"><br class=\"clear\" style=\"max-width: 100%; clear: both;\" data-reader-unique-id=\"75\">Kooperationen, Shootings jeglicher Art und Auftr\u00e4ge k\u00fcnstlerischer Art, die ein freies Arbeiten umfassen, werden immer individuell bearbeitet und nach Absprache honoriert. Dabei beh\u00e4lt sich Alwina Werwai vor, das Honorar entweder als freie Kooperationen im Tausch gegen andere Dienstleistungen zu erheben, oder eine Tages- bzw. Halbtagesgage zu verlangen. Alwina Werwai verlangt minimum eine Halbtagesgage, auch wenn der tats\u00e4chliche Aufwand weniger als einen halben Tag betr\u00e4gt. Die Gage ist sp\u00e4testens 14 Tage nach Dienstleistung zu t\u00e4tigen und umfasst nur die Arbeit vor Ort.&nbsp;<\/span><\/p>\n<p style=\"max-width: 100%; caret-color: #1b1b1b; color: #1b1b1b; font-family: -apple-system-font; font-size: 18px;\" data-reader-unique-id=\"76\"><span style=\"max-width: 100%;\" data-reader-unique-id=\"77\">Fallen bei der Ausf\u00fchrung von k\u00fcnstlerischen Auftr\u00e4gen Unzufriedenheiten oder Darbietungen von Fremdvorstellungen an, ist dies sofort und konstruktiv mitzuteilen. Wenn dies nicht geschieht, gilt die Ausf\u00fchrung als vereinbarungsgem\u00e4\u00df ausgef\u00fchrt und kann nicht im Nachhinein abgelehnt oder als ungewollt deklariert werden. Wenn der Auftrag aus diesem Grund wiederholt werden muss, ist eine erneute Gage in voller H\u00f6he auszuzahlen. &nbsp;<\/span><\/p>\n<p style=\"max-width: 100%; caret-color: #1b1b1b; color: #1b1b1b; font-family: -apple-system-font; font-size: 18px;\" data-reader-unique-id=\"81\"><span style=\"max-width: 100%;\" data-reader-unique-id=\"82\"><strong>Stornierungen und Absagen Brautstyling<\/strong><br class=\"clear\" style=\"max-width: 100%; clear: both;\" data-reader-unique-id=\"83\"><\/span><\/p>\n<p style=\"max-width: 100%; caret-color: #1b1b1b; color: #1b1b1b; font-family: -apple-system-font; font-size: 18px;\" data-reader-unique-id=\"84\"><span style=\"max-width: 100%;\" data-reader-unique-id=\"85\">Die ausgestellten Rechnungen sind immer, nach Eingang der Anzahlung und auch ohne Unterschrift g\u00fcltig. Der in der Rechnung aufgef\u00fchrte Auftrag kann somit aus diesem Grund, weil keine Unterschrift vorliegt, nicht einfach storniert werden. M\u00f6chte die Auftraggeberin dennoch von ihrem Vertrag zur\u00fccktreten, gelten folgende Regelungen:<\/span><\/p>\n<p style=\"max-width: 100%; caret-color: #1b1b1b; color: #1b1b1b; font-family: -apple-system-font; font-size: 18px;\" data-reader-unique-id=\"86\"><span style=\"max-width: 100%;\" data-reader-unique-id=\"87\">7 bis 0 Tage vor Termin: 100%<\/span><\/p>\n<p style=\"max-width: 100%; caret-color: #1b1b1b; color: #1b1b1b; font-family: -apple-system-font; font-size: 18px;\" data-reader-unique-id=\"88\"><span style=\"max-width: 100%;\" data-reader-unique-id=\"89\">14 bis 8 Tage vor Termin: 75%<\/span><\/p>\n<p style=\"max-width: 100%; caret-color: #1b1b1b; color: #1b1b1b; font-family: -apple-system-font; font-size: 18px;\" data-reader-unique-id=\"90\"><span style=\"max-width: 100%;\" data-reader-unique-id=\"91\">15 Tage bis 2 Monate vor Termin: 50%<\/span><\/p>\n<p style=\"max-width: 100%; caret-color: #1b1b1b; color: #1b1b1b; font-family: -apple-system-font; font-size: 18px;\" data-reader-unique-id=\"92\"><span style=\"max-width: 100%;\" data-reader-unique-id=\"93\">3 bis 2 Monate vor Termin: 25%<\/span><\/p>\n<p style=\"max-width: 100%; caret-color: #1b1b1b; color: #1b1b1b; font-family: -apple-system-font; font-size: 18px;\" data-reader-unique-id=\"94\"><span style=\"max-width: 100%;\" data-reader-unique-id=\"95\">Br\u00e4ute k\u00f6nnen bis zu 24 Sunden nach dem Probestyling ihren Hochzeitstermin ohne zus\u00e4tzliche Geb\u00fchren absagen, wenn&nbsp;<\/span><\/p>\n<ol style=\"max-width: 100%; caret-color: #1b1b1b; color: #1b1b1b; font-family: -apple-system-font; font-size: 18px;\" data-reader-unique-id=\"97\">\n<li style=\"max-width: 100%;\" data-reader-unique-id=\"98\">die Chemie von beiden Seiten nicht stimmt und beim Probetermin eine unangenehme Stimmung herrschte oder<\/li>\n<li style=\"max-width: 100%;\" data-reader-unique-id=\"99\">es irreparable Gr\u00fcnde f\u00fcr ein Nichtgefallen des Stylings gab und die Braut Verbesserungsvorschl\u00e4ge und -ma\u00dfnahmen abgewehrt hat<\/li>\n<\/ol>\n<p style=\"max-width: 100%; caret-color: #1b1b1b; color: #1b1b1b; font-family: -apple-system-font; font-size: 18px;\" data-reader-unique-id=\"101\"><strong><span style=\"max-width: 100%;\" data-reader-unique-id=\"102\">Anzahlung und Zahlung f\u00fcr das Probestyling werden nicht zur\u00fcckgezahlt.<\/span><\/strong><\/p><p style=\"max-width: 100%; caret-color: #1b1b1b; color: #1b1b1b; font-family: -apple-system-font; font-size: 18px;\" data-reader-unique-id=\"181\"><span style=\"max-width: 100%;\" data-reader-unique-id=\"182\"><strong style=\"max-width: 100%;\" data-reader-unique-id=\"185\">Verwendung von Fotos&nbsp;<br class=\"clear\" style=\"max-width: 100%; clear: both;\" data-reader-unique-id=\"186\"><br class=\"clear\" style=\"max-width: 100%; clear: both;\" data-reader-unique-id=\"187\"><\/strong>Die Auftraggeberin \/ die Kundin ist damit einverstanden, dass Fotos von Make-Up und der Frisur gemacht werden und diese f\u00fcr Werbezwecke online zur Ver\u00f6ffentlichung auf Website, Instagram usw. sowie offline zur Erweiterung des Portfolios genutzt werden d\u00fcrfen.<\/span><\/p>\n<p style=\"max-width: 100%; caret-color: #1b1b1b; color: #1b1b1b; font-family: -apple-system-font; font-size: 18px;\" data-reader-unique-id=\"188\"><span style=\"max-width: 100%;\" data-reader-unique-id=\"189\">IST DIES NICHT ERW\u00dcNSCHT &#8211; kann am Tag des Probetermins SCHRIFTLICH widersprochen werden.&nbsp;<\/span><\/p>\n<p style=\"max-width: 100%; caret-color: #1b1b1b; color: #1b1b1b; font-family: -apple-system-font; font-size: 18px;\" data-reader-unique-id=\"190\"><span style=\"max-width: 100%;\" data-reader-unique-id=\"191\">Die Mitwirkenden werden nach Wunsch genannt und Alwina Werwai beh\u00e4lt sich das Recht vor, bei Verwendung und Ver\u00f6ffentlichung ihrer Arbeiten immer namentlich genannt und mit @alwina.werwai verlinkt zu werden. Die Auftraggeberin stellt die Umsetzung dieser Regelung in Vertr\u00e4gen mit Dritten sicher. &nbsp;&nbsp;<\/span><\/p>\n<p style=\"max-width: 100%; caret-color: #1b1b1b; color: #1b1b1b; font-family: -apple-system-font; font-size: 18px;\" data-reader-unique-id=\"195\"><span style=\"max-width: 100%;\" data-reader-unique-id=\"196\"><strong style=\"max-width: 100%;\" data-reader-unique-id=\"197\">Ausfall der Leistung&nbsp;<br class=\"clear\" style=\"max-width: 100%; clear: both;\" data-reader-unique-id=\"198\"><br class=\"clear\" style=\"max-width: 100%; clear: both;\" data-reader-unique-id=\"199\"><\/strong>Kann das Styling von meiner Seite aufgrund von h\u00f6herer Gewalt ( z.B. Unfall, Krankheit etc. ) oder anderer, nicht zu vertretender Umst\u00e4nde nicht stattfinden, werde ich mich um einen bestm\u00f6glichen Ersatz bem\u00fchen. F\u00fcr m\u00f6gliche Sch\u00e4den \u00fcbernehme ich keine Haftung.<br class=\"clear\" style=\"max-width: 100%; clear: both;\" data-reader-unique-id=\"200\">Die Kundin verzichtet auf Schadensersatzanforderungen bzw. die Abtrertung m\u00f6glicher Mehrkosten.<\/span><\/p>\n<p style=\"max-width: 100%; caret-color: #1b1b1b; color: #1b1b1b; font-family: -apple-system-font; font-size: 18px;\" data-reader-unique-id=\"201\"><span style=\"max-width: 100%;\" data-reader-unique-id=\"202\">&nbsp;<\/span><strong data-reader-unique-id=\"206\" style=\"max-width: 100%;\">Haftung f\u00fcr Links&nbsp;<\/strong><\/p>\n<p style=\"max-width: 100%; caret-color: #1b1b1b; color: #1b1b1b; font-family: -apple-system-font; font-size: 18px;\" data-reader-unique-id=\"207\">\n<\/p><h3 style=\"font-weight: bold; font-size: 1.25em; max-width: 100%;\" data-reader-unique-id=\"208\">&nbsp;<span style=\"caret-color: rgb(27, 27, 27); color: rgb(27, 27, 27); font-family: -apple-system-font; font-size: 18px; font-weight: 400;\">Unser Angebot enth\u00e4lt Links zu externen Websites Dritter, auf deren Inhalte wir keinen Einfluss haben. Deshalb k\u00f6nnen wir f\u00fcr diese fremden Inhalte auch keine Gew\u00e4hr \u00fcbernehmen. F\u00fcr die Inhalte der verlinkten Seiten ist stets der jeweilige Anbieter oder Betreiber der Seiten verantwortlich. Die verlinkten Seiten wurden zum Zeitpunkt der Verlinkung auf m\u00f6gliche Rechtsverst\u00f6\u00dfe \u00fcberpr\u00fcft. Rechtswidrige Inhalte waren zum Zeitpunkt der Verlinkung nicht erkennbar.<\/span><\/h3>\n<p style=\"max-width: 100%; caret-color: #1b1b1b; color: #1b1b1b; font-family: -apple-system-font; font-size: 18px;\" data-reader-unique-id=\"212\"><span style=\"max-width: 100%;\" data-reader-unique-id=\"213\">Eine permanente inhaltliche Kontrolle der verlinkten Seiten ist jedoch ohne konkrete Anhaltspunkte einer Rechtsverletzung nicht zumutbar. Bei Bekanntwerden von Rechtsverletzungen werden wir derartige Links umgehend entfernen.<br class=\"clear\" style=\"max-width: 100%; clear: both;\" data-reader-unique-id=\"214\"><\/span><\/p>\n<p style=\"max-width: 100%; caret-color: #1b1b1b; color: #1b1b1b; font-family: -apple-system-font; font-size: 18px;\" data-reader-unique-id=\"215\"><span style=\"max-width: 100%;\" data-reader-unique-id=\"216\"><strong style=\"max-width: 100%;\" data-reader-unique-id=\"217\">Urheberrecht<\/strong><br class=\"clear\" style=\"max-width: 100%; clear: both;\" data-reader-unique-id=\"218\"><\/span><\/p>\n<p style=\"max-width: 100%; caret-color: #1b1b1b; color: #1b1b1b; font-family: -apple-system-font; font-size: 18px;\" data-reader-unique-id=\"219\"><span style=\"max-width: 100%;\" data-reader-unique-id=\"220\">Die durch die Seitenbetreiber erstellten Inhalte und Werke auf diesen Seiten unterliegen dem deutschen Urheberrecht. Die Vervielf\u00e4ltigung, Bearbeitung, Verbreitung und jede Art der Verwertung au\u00dferhalb der Grenzen des Urheberrechtes bed\u00fcrfen der schriftlichen Zustimmung des jeweiligen Autors bzw. Erstellers. Downloads und Kopien dieser Seite sind nur f\u00fcr den privaten, nicht kommerziellen Gebrauch gestattet.<\/span><\/p>\n<p style=\"max-width: 100%; caret-color: #1b1b1b; color: #1b1b1b; font-family: -apple-system-font; font-size: 18px;\" data-reader-unique-id=\"221\"><span style=\"max-width: 100%;\" data-reader-unique-id=\"222\">Soweit die Inhalte auf dieser Seite nicht vom Betreiber erstellt wurden, werden die Urheberrechte Dritter beachtet. Insbesondere werden Inhalte Dritter als solche gekennzeichnet. Sollten Sie trotzdem auf eine Urheberrechtsverletzung aufmerksam werden, bitten wir um einen entsprechenden Hinweis. Bei Bekanntwerden von Rechtsverletzungen werden wir derartige Inhalte umgehend entfernen.<\/span><\/p><p style=\"max-width: 100%; caret-color: #1b1b1b; color: #1b1b1b; font-family: -apple-system-font; font-size: 18px;\" data-reader-unique-id=\"232\"><span style=\"max-width: 100%;\" data-reader-unique-id=\"233\"><strong style=\"max-width: 100%;\" data-reader-unique-id=\"235\">Gew\u00e4hrleistung<\/strong><\/span><\/p>\n<p style=\"max-width: 100%; caret-color: #1b1b1b; color: #1b1b1b; font-family: -apple-system-font; font-size: 18px;\" data-reader-unique-id=\"236\">Meine Dienstleistungen f\u00fchre ich nach bestem Gewissen aus. F\u00fcr allergische Reaktionen, die w\u00e4hrend und nach Verwendung meiner Produkte auftreten k\u00f6nnen \u00fcbernehme ich keine Haftung.<\/p>\t\t\t\t\t\t\t\t<\/div>\n\t\t\t\t<\/div>\n\t\t\t\t\t<\/div>\n\t\t<\/div>\n\t\t\t\t\t<\/div>\n\t\t<\/section>\n\t\t\t\t<\/div>","protected":false},"excerpt":{"rendered":"<p>DER EINFACHHEIT HALBER WIRD IN DEN AGB DIE WEIBLICHE FORM VON AUFTRAGGEBER, KUNDE &amp; Co. VERWENDET. ALWINA WERWAI BITTET DIES ZU AKZEPTIEREN. Die&nbsp;Auftraggeberin&nbsp;verpflichtet sich, die Gesch\u00e4ftsbedingungen sorgf\u00e4ltig zu lesen und vollst\u00e4ndig zur Kenntnis zu nehmen. Die nachfolgenden AGB gelten f\u00fcr alle erteilten Auftr\u00e4ge. Sie gelten als vereinbart, wenn ihnen nicht umgehend widersprochen wird.&nbsp; Allgemeines F\u00fcr&#8230;<\/p>","protected":false},"author":1,"featured_media":0,"parent":0,"menu_order":0,"comment_status":"closed","ping_status":"closed","template":"elementor_header_footer","meta":{"footnotes":""},"class_list":["post-389","page","type-page","status-publish","hentry"],"_links":{"self":[{"href":"https:\/\/alwinawerwai.com\/en\/wp-json\/wp\/v2\/pages\/389","targetHints":{"allow":["GET"]}}],"collection":[{"href":"https:\/\/alwinawerwai.com\/en\/wp-json\/wp\/v2\/pages"}],"about":[{"href":"https:\/\/alwinawerwai.com\/en\/wp-json\/wp\/v2\/types\/page"}],"author":[{"embeddable":true,"href":"https:\/\/alwinawerwai.com\/en\/wp-json\/wp\/v2\/users\/1"}],"replies":[{"embeddable":true,"href":"https:\/\/alwinawerwai.com\/en\/wp-json\/wp\/v2\/comments?post=389"}],"version-history":[{"count":4,"href":"https:\/\/alwinawerwai.com\/en\/wp-json\/wp\/v2\/pages\/389\/revisions"}],"predecessor-version":[{"id":930,"href":"https:\/\/alwinawerwai.com\/en\/wp-json\/wp\/v2\/pages\/389\/revisions\/930"}],"wp:attachment":[{"href":"https:\/\/alwinawerwai.com\/en\/wp-json\/wp\/v2\/media?parent=389"}],"curies":[{"name":"wp","href":"https:\/\/api.w.org\/{rel}","templated":true}]}}