{"id":387,"date":"2022-10-06T05:47:13","date_gmt":"2022-10-06T05:47:13","guid":{"rendered":"http:\/\/alwinawerwai.com\/?page_id=387"},"modified":"2023-01-09T21:19:48","modified_gmt":"2023-01-09T21:19:48","slug":"impressum","status":"publish","type":"page","link":"https:\/\/alwinawerwai.com\/en\/impressum\/","title":{"rendered":"Impressum"},"content":{"rendered":"<div data-elementor-type=\"wp-page\" data-elementor-id=\"387\" class=\"elementor elementor-387\" data-elementor-post-type=\"page\">\n\t\t\t\t\t\t<section class=\"elementor-section elementor-top-section elementor-element elementor-element-d84eb33 elementor-section-boxed elementor-section-height-default elementor-section-height-default\" data-id=\"d84eb33\" data-element_type=\"section\" data-e-type=\"section\">\n\t\t\t\t\t\t<div class=\"elementor-container elementor-column-gap-default\">\n\t\t\t\t\t<div class=\"elementor-column elementor-col-100 elementor-top-column elementor-element elementor-element-65e1ecf\" data-id=\"65e1ecf\" data-element_type=\"column\" data-e-type=\"column\">\n\t\t\t<div class=\"elementor-widget-wrap elementor-element-populated\">\n\t\t\t\t\t\t<div class=\"elementor-element elementor-element-061ba80 elementor-widget elementor-widget-text-editor\" data-id=\"061ba80\" data-element_type=\"widget\" data-e-type=\"widget\" data-widget_type=\"text-editor.default\">\n\t\t\t\t<div class=\"elementor-widget-container\">\n\t\t\t\t\t\t\t\t\t<p>Eigent\u00fcmerin dieser Website:<\/p>\n<p>Alwina Werwai | Am Holing 20 | 35649 Bischoffen | 0151\/41221729 | Steuer-Nr.: 039 881 00626 | Ust-IdNr.: DE349152381 | Finanzamt Wetzlar<\/p>\n<p style=\"box-sizing: inherit; -webkit-font-smoothing: antialiased; margin-bottom: 15px; padding: 0px; border: 0px; font-family: Quicksand, -apple-system, BlinkMacSystemFont, 'Segoe UI', Roboto, Oxygen-Sans, Ubuntu, Cantarell, 'Helvetica Neue', sans-serif; font-size: 15px; font-stretch: inherit; line-height: inherit; vertical-align: baseline; caret-color: #626262; color: #626262;\">HAFTUNGSHINWEIS<\/p>\n<p style=\"box-sizing: inherit; -webkit-font-smoothing: antialiased; margin-bottom: 15px; padding: 0px; border: 0px; font-family: Quicksand, -apple-system, BlinkMacSystemFont, 'Segoe UI', Roboto, Oxygen-Sans, Ubuntu, Cantarell, 'Helvetica Neue', sans-serif; font-size: 15px; font-stretch: inherit; line-height: inherit; vertical-align: baseline; caret-color: #626262; color: #626262;\">Haftung f\u00fcr Inhalte<\/p>\n<p style=\"box-sizing: inherit; -webkit-font-smoothing: antialiased; margin-bottom: 15px; padding: 0px; border: 0px; font-family: Quicksand, -apple-system, BlinkMacSystemFont, 'Segoe UI', Roboto, Oxygen-Sans, Ubuntu, Cantarell, 'Helvetica Neue', sans-serif; font-size: 15px; font-stretch: inherit; line-height: inherit; vertical-align: baseline; caret-color: #626262; color: #626262;\">Die Inhalte meiner Seiten wurden mit gr\u00f6\u00dfter Sorgfalt erstellt. F\u00fcr die Richtigkeit, Vollst\u00e4ndigkeit und Aktualit\u00e4t der Inhalte kann ich jedoch keine Gew\u00e4hr \u00fcbernehmen. Als Diensteanbieter bin ich gem\u00e4\u00df \u00a7 7 Abs.1 TMG f\u00fcr eigene Inhalte auf diesen Seiten nach den allgemeinen Gesetzen verantwortlich. Nach \u00a7\u00a7 8 bis 10 TMG bin ich als Diensteanbieter jedoch nicht verpflichtet, \u00fcbermittelte oder gespeicherte fremde Informationen zu \u00fcberwachen oder nach Umst\u00e4nden zu forschen, die auf eine rechtswidrige T\u00e4tigkeit hinweisen. Verpflichtungen zur Entfernung oder Sperrung der Nutzung von Informationen nach den allgemeinen Gesetzen bleiben hiervon unber\u00fchrt. Eine diesbez\u00fcgliche Haftung ist jedoch erst ab dem Zeitpunkt der Kenntnis einer konkreten Rechtsverletzung m\u00f6glich. Bei Bekanntwerden von entsprechenden Rechtsverletzungen werde ich diese Inhalte umgehend entfernen.<\/p>\n<p style=\"box-sizing: inherit; -webkit-font-smoothing: antialiased; margin-bottom: 15px; padding: 0px; border: 0px; font-family: Quicksand, -apple-system, BlinkMacSystemFont, 'Segoe UI', Roboto, Oxygen-Sans, Ubuntu, Cantarell, 'Helvetica Neue', sans-serif; font-size: 15px; font-stretch: inherit; line-height: inherit; vertical-align: baseline; caret-color: #626262; color: #626262;\">Haftung f\u00fcr Links<\/p>\n<p style=\"box-sizing: inherit; -webkit-font-smoothing: antialiased; margin-bottom: 15px; padding: 0px; border: 0px; font-family: Quicksand, -apple-system, BlinkMacSystemFont, 'Segoe UI', Roboto, Oxygen-Sans, Ubuntu, Cantarell, 'Helvetica Neue', sans-serif; font-size: 15px; font-stretch: inherit; line-height: inherit; vertical-align: baseline; caret-color: #626262; color: #626262;\">Mein Angebot enth\u00e4lt Links zu externen Webseiten Dritter, auf deren Inhalte ich keinen Einfluss habe. Deshalb kann ich f\u00fcr diese fremden Inhalte auch keine Gew\u00e4hr \u00fcbernehmen. F\u00fcr die Inhalte der verlinkten Seiten ist stets der jeweilige Anbieter oder Betreiber der Seiten verantwortlich. Die verlinkten Seiten wurden zum Zeitpunkt der Verlinkung auf m\u00f6gliche Rechtsverst\u00f6\u00dfe \u00fcberpr\u00fcft. Rechtswidrige Inhalte waren zum Zeitpunkt der Verlinkung nicht erkennbar. Eine permanente inhaltliche Kontrolle der verlinkten Seiten ist jedoch ohne konkrete Anhaltspunkte einer Rechtsverletzung nicht zumutbar. Bei Bekanntwerden von Rechtsverletzungen werde ich derartige Links umgehend entfernen.<\/p>\n<p style=\"box-sizing: inherit; -webkit-font-smoothing: antialiased; margin-bottom: 15px; padding: 0px; border: 0px; font-family: Quicksand, -apple-system, BlinkMacSystemFont, 'Segoe UI', Roboto, Oxygen-Sans, Ubuntu, Cantarell, 'Helvetica Neue', sans-serif; font-size: 15px; font-stretch: inherit; line-height: inherit; vertical-align: baseline; caret-color: #626262; color: #626262;\">Urheberrecht<\/p>\n<p style=\"box-sizing: inherit; -webkit-font-smoothing: antialiased; margin-bottom: 15px; padding: 0px; border: 0px; font-family: Quicksand, -apple-system, BlinkMacSystemFont, 'Segoe UI', Roboto, Oxygen-Sans, Ubuntu, Cantarell, 'Helvetica Neue', sans-serif; font-size: 15px; font-stretch: inherit; line-height: inherit; vertical-align: baseline; caret-color: #626262; color: #626262;\">Die durch den Seitenbetreiber erstellten Inhalte und Werke auf diesen Seiten unterliegen dem deutschen Urheberrecht. Die Vervielf\u00e4ltigung, Bearbeitung, Verbreitung und jede Art der Verwertung au\u00dferhalb der Grenzen des Urheberrechtes bed\u00fcrfen der schriftlichen Zustimmung des jeweiligen Autors bzw. Erstellers. Downloads und Kopien dieser Seite sind nur f\u00fcr den privaten, nicht kommerziellen Gebrauch gestattet. Soweit die Inhalte auf dieser Seite nicht vom Betreiber erstellt wurden, werden die Urheberrechte Dritter beachtet. Insbesondere werden Inhalte Dritter als solche gekennzeichnet. Sollten Sie trotzdem auf eine Urheberrechtsverletzung aufmerksam werden, bitten wir um einen entsprechenden Hinweis. Bei Bekanntwerden von Rechtsverletzungen werden wir derartige Inhalte umgehend entfernen.<\/p>\n<p style=\"box-sizing: inherit; -webkit-font-smoothing: antialiased; margin-bottom: 15px; padding: 0px; border: 0px; font-family: Quicksand, -apple-system, BlinkMacSystemFont, 'Segoe UI', Roboto, Oxygen-Sans, Ubuntu, Cantarell, 'Helvetica Neue', sans-serif; font-size: 15px; font-stretch: inherit; line-height: inherit; vertical-align: baseline; caret-color: #626262; color: #626262;\">Quellen: Disclaimer von eRecht24, dem Portal zum Internetrecht von Rechtsanwalt S\u00f6ren Siebert<\/p>\t\t\t\t\t\t\t\t<\/div>\n\t\t\t\t<\/div>\n\t\t\t\t\t<\/div>\n\t\t<\/div>\n\t\t\t\t\t<\/div>\n\t\t<\/section>\n\t\t\t\t<\/div>","protected":false},"excerpt":{"rendered":"<p>Eigent\u00fcmerin dieser Website: Alwina Werwai | Am Holing 20 | 35649 Bischoffen | 0151\/41221729 | Steuer-Nr.: 039 881 00626 | Ust-IdNr.: DE349152381 | Finanzamt Wetzlar HAFTUNGSHINWEIS Haftung f\u00fcr Inhalte Die Inhalte meiner Seiten wurden mit gr\u00f6\u00dfter Sorgfalt erstellt. F\u00fcr die Richtigkeit, Vollst\u00e4ndigkeit und Aktualit\u00e4t der Inhalte kann ich jedoch keine Gew\u00e4hr \u00fcbernehmen. Als Diensteanbieter bin&#8230;<\/p>","protected":false},"author":1,"featured_media":0,"parent":0,"menu_order":0,"comment_status":"closed","ping_status":"closed","template":"elementor_header_footer","meta":{"footnotes":""},"class_list":["post-387","page","type-page","status-publish","hentry"],"_links":{"self":[{"href":"https:\/\/alwinawerwai.com\/en\/wp-json\/wp\/v2\/pages\/387","targetHints":{"allow":["GET"]}}],"collection":[{"href":"https:\/\/alwinawerwai.com\/en\/wp-json\/wp\/v2\/pages"}],"about":[{"href":"https:\/\/alwinawerwai.com\/en\/wp-json\/wp\/v2\/types\/page"}],"author":[{"embeddable":true,"href":"https:\/\/alwinawerwai.com\/en\/wp-json\/wp\/v2\/users\/1"}],"replies":[{"embeddable":true,"href":"https:\/\/alwinawerwai.com\/en\/wp-json\/wp\/v2\/comments?post=387"}],"version-history":[{"count":10,"href":"https:\/\/alwinawerwai.com\/en\/wp-json\/wp\/v2\/pages\/387\/revisions"}],"predecessor-version":[{"id":939,"href":"https:\/\/alwinawerwai.com\/en\/wp-json\/wp\/v2\/pages\/387\/revisions\/939"}],"wp:attachment":[{"href":"https:\/\/alwinawerwai.com\/en\/wp-json\/wp\/v2\/media?parent=387"}],"curies":[{"name":"wp","href":"https:\/\/api.w.org\/{rel}","templated":true}]}}