{"id":367,"date":"2022-10-05T19:03:36","date_gmt":"2022-10-05T19:03:36","guid":{"rendered":"http:\/\/alwinawerwai.com\/?page_id=367"},"modified":"2025-03-29T11:20:11","modified_gmt":"2025-03-29T11:20:11","slug":"einzelcoachings","status":"publish","type":"page","link":"https:\/\/alwinawerwai.com\/en\/einzelcoachings\/","title":{"rendered":"Einzelcoachings"},"content":{"rendered":"<div data-elementor-type=\"wp-page\" data-elementor-id=\"367\" class=\"elementor elementor-367\" data-elementor-post-type=\"page\">\n\t\t\t\t<div class=\"elementor-element elementor-element-ef4f3dc e-con-full e-flex e-con e-parent\" data-id=\"ef4f3dc\" data-element_type=\"container\" data-e-type=\"container\">\n\t\t<div class=\"elementor-element elementor-element-ffe1349 e-con-full e-flex e-con e-child\" data-id=\"ffe1349\" data-element_type=\"container\" data-e-type=\"container\">\n\t\t<div class=\"elementor-element elementor-element-ab4a983 e-con-full e-flex e-con e-child\" data-id=\"ab4a983\" data-element_type=\"container\" data-e-type=\"container\">\n\t\t\t\t<div class=\"elementor-element elementor-element-f373d6b elementor-widget elementor-widget-text-editor\" data-id=\"f373d6b\" data-element_type=\"widget\" data-e-type=\"widget\" data-widget_type=\"text-editor.default\">\n\t\t\t\t<div class=\"elementor-widget-container\">\n\t\t\t\t\t\t\t\t\t<h3>Du m\u00f6chtest deine Make-up- oder Hairstyling-Skills gezielt verbessern? Im Einzelcoaching gehe ich ganz individuell auf deine W\u00fcnsche und Fragen ein. Ob typgerechtes Make-up, spezielle Techniken oder ein perfektes Hairstyling \u2013 du erh\u00e4ltst ma\u00dfgeschneiderte Tipps und Anleitungen, die genau zu dir passen.<\/h3><h3>Interessiert? Dann schreib mir gern \u00fcber das Kontaktformular!<\/h3>\t\t\t\t\t\t\t\t<\/div>\n\t\t\t\t<\/div>\n\t\t\t\t<div class=\"elementor-element elementor-element-3d9a9e3 elementor-align-center elementor-widget elementor-widget-button\" data-id=\"3d9a9e3\" data-element_type=\"widget\" data-e-type=\"widget\" data-widget_type=\"button.default\">\n\t\t\t\t<div class=\"elementor-widget-container\">\n\t\t\t\t\t\t\t\t\t<div class=\"elementor-button-wrapper\">\n\t\t\t\t\t<a class=\"elementor-button elementor-button-link elementor-size-sm\" href=\"\/en\/kontakt\/\">\n\t\t\t\t\t\t<span class=\"elementor-button-content-wrapper\">\n\t\t\t\t\t\t<span class=\"elementor-button-icon\">\n\t\t\t\t<i aria-hidden=\"true\" class=\"far fa-arrow-alt-circle-right\"><\/i>\t\t\t<\/span>\n\t\t\t\t\t\t\t\t\t<span class=\"elementor-button-text\">Kontakt aufnehmen<\/span>\n\t\t\t\t\t<\/span>\n\t\t\t\t\t<\/a>\n\t\t\t\t<\/div>\n\t\t\t\t\t\t\t\t<\/div>\n\t\t\t\t<\/div>\n\t\t\t\t<\/div>\n\t\t\t\t<\/div>\n\t\t<div class=\"elementor-element elementor-element-e3815ed e-con-full e-flex e-con e-child\" data-id=\"e3815ed\" data-element_type=\"container\" data-e-type=\"container\" data-settings=\"{&quot;background_background&quot;:&quot;classic&quot;}\">\n\t\t\t\t<\/div>\n\t\t\t\t<\/div>\n\t\t\t\t<\/div>","protected":false},"excerpt":{"rendered":"<p>Du m\u00f6chtest deine Make-up- oder Hairstyling-Skills gezielt verbessern? Im Einzelcoaching gehe ich ganz individuell auf deine W\u00fcnsche und Fragen ein. Ob typgerechtes Make-up, spezielle Techniken oder ein perfektes Hairstyling \u2013 du erh\u00e4ltst ma\u00dfgeschneiderte Tipps und Anleitungen, die genau zu dir passen. Interessiert? Dann schreib mir gern \u00fcber das Kontaktformular! Kontakt aufnehmen<\/p>","protected":false},"author":1,"featured_media":0,"parent":0,"menu_order":0,"comment_status":"closed","ping_status":"closed","template":"elementor_header_footer","meta":{"footnotes":""},"class_list":["post-367","page","type-page","status-publish","hentry"],"_links":{"self":[{"href":"https:\/\/alwinawerwai.com\/en\/wp-json\/wp\/v2\/pages\/367","targetHints":{"allow":["GET"]}}],"collection":[{"href":"https:\/\/alwinawerwai.com\/en\/wp-json\/wp\/v2\/pages"}],"about":[{"href":"https:\/\/alwinawerwai.com\/en\/wp-json\/wp\/v2\/types\/page"}],"author":[{"embeddable":true,"href":"https:\/\/alwinawerwai.com\/en\/wp-json\/wp\/v2\/users\/1"}],"replies":[{"embeddable":true,"href":"https:\/\/alwinawerwai.com\/en\/wp-json\/wp\/v2\/comments?post=367"}],"version-history":[{"count":13,"href":"https:\/\/alwinawerwai.com\/en\/wp-json\/wp\/v2\/pages\/367\/revisions"}],"predecessor-version":[{"id":1397,"href":"https:\/\/alwinawerwai.com\/en\/wp-json\/wp\/v2\/pages\/367\/revisions\/1397"}],"wp:attachment":[{"href":"https:\/\/alwinawerwai.com\/en\/wp-json\/wp\/v2\/media?parent=367"}],"curies":[{"name":"wp","href":"https:\/\/api.w.org\/{rel}","templated":true}]}}