{"id":28,"date":"2022-09-13T06:30:29","date_gmt":"2022-09-13T06:30:29","guid":{"rendered":"http:\/\/alwinawerwai.com\/?page_id=28"},"modified":"2025-02-19T17:04:19","modified_gmt":"2025-02-19T17:04:19","slug":"ueber-mich","status":"publish","type":"page","link":"https:\/\/alwinawerwai.com\/en\/ueber-mich\/","title":{"rendered":"About"},"content":{"rendered":"<div data-elementor-type=\"wp-page\" data-elementor-id=\"28\" class=\"elementor elementor-28\" data-elementor-post-type=\"page\">\n\t\t\t\t<div class=\"elementor-element elementor-element-ce8225b e-con-full e-flex e-con e-parent\" data-id=\"ce8225b\" data-element_type=\"container\" data-e-type=\"container\" data-settings=\"{&quot;background_background&quot;:&quot;classic&quot;}\">\n\t\t<div class=\"elementor-element elementor-element-8422d47 e-con-full e-flex e-con e-child\" data-id=\"8422d47\" data-element_type=\"container\" data-e-type=\"container\" data-settings=\"{&quot;background_background&quot;:&quot;classic&quot;}\">\n\t\t\t\t<div class=\"elementor-element elementor-element-397c73e elementor-nav-menu__align-end elementor-hidden-desktop elementor-hidden-tablet elementor-nav-menu--dropdown-mobile elementor-nav-menu__text-align-aside elementor-nav-menu--toggle elementor-nav-menu--burger elementor-widget elementor-widget-nav-menu\" data-id=\"397c73e\" data-element_type=\"widget\" data-e-type=\"widget\" data-settings=\"{&quot;layout&quot;:&quot;horizontal&quot;,&quot;submenu_icon&quot;:{&quot;value&quot;:&quot;&lt;i class=\\&quot;fas fa-caret-down\\&quot; aria-hidden=\\&quot;true\\&quot;&gt;&lt;\\\/i&gt;&quot;,&quot;library&quot;:&quot;fa-solid&quot;},&quot;toggle&quot;:&quot;burger&quot;}\" data-widget_type=\"nav-menu.default\">\n\t\t\t\t<div class=\"elementor-widget-container\">\n\t\t\t\t\t\t\t\t<nav aria-label=\"Men\u00fc\" class=\"elementor-nav-menu--main elementor-nav-menu__container elementor-nav-menu--layout-horizontal e--pointer-underline e--animation-fade\">\n\t\t\t\t<ul id=\"menu-1-397c73e\" class=\"elementor-nav-menu\"><li class=\"menu-item menu-item-type-post_type menu-item-object-page menu-item-home menu-item-1297\"><a href=\"https:\/\/alwinawerwai.com\/en\/\" class=\"elementor-item\"><i class=\"fas fa-home\"><\/i><\/a><\/li>\n<li class=\"menu-item menu-item-type-post_type menu-item-object-page menu-item-has-children menu-item-145\"><a href=\"https:\/\/alwinawerwai.com\/en\/beauty\/\" class=\"elementor-item\">beauty<\/a>\n<ul class=\"sub-menu elementor-nav-menu--dropdown\">\n\t<li class=\"menu-item menu-item-type-custom menu-item-object-custom menu-item-707\"><a href=\"http:\/\/alwinawerwai.com\/en\/?page_id=142#braeute\" class=\"elementor-sub-item elementor-item-anchor\">Br\u00e4ute<\/a><\/li>\n\t<li class=\"menu-item menu-item-type-custom menu-item-object-custom menu-item-718\"><a href=\"http:\/\/alwinawerwai.com\/en\/?page_id=142#produktionen\" class=\"elementor-sub-item elementor-item-anchor\">Produktionen &#038; Shootings<\/a><\/li>\n\t<li class=\"menu-item menu-item-type-post_type menu-item-object-page menu-item-380\"><a href=\"https:\/\/alwinawerwai.com\/en\/workshops\/\" class=\"elementor-sub-item\">DIY Workshops<\/a><\/li>\n\t<li class=\"menu-item menu-item-type-post_type menu-item-object-page menu-item-376\"><a href=\"https:\/\/alwinawerwai.com\/en\/einzelcoachings\/\" class=\"elementor-sub-item\">Einzelcoachings<\/a><\/li>\n<\/ul>\n<\/li>\n<li class=\"menu-item menu-item-type-post_type menu-item-object-page menu-item-144\"><a href=\"https:\/\/alwinawerwai.com\/en\/empowerment\/\" class=\"elementor-item\">empowerment<\/a><\/li>\n<li class=\"menu-item menu-item-type-post_type menu-item-object-page menu-item-1549\"><a href=\"https:\/\/alwinawerwai.com\/en\/testimonials\/\" class=\"elementor-item\">Testimonials<\/a><\/li>\n<li class=\"menu-item menu-item-type-post_type menu-item-object-page menu-item-30\"><a href=\"https:\/\/alwinawerwai.com\/en\/ueber-mich\/\" class=\"elementor-item\">about<\/a><\/li>\n<li class=\"menu-item menu-item-type-post_type menu-item-object-page menu-item-31\"><a href=\"https:\/\/alwinawerwai.com\/en\/kontakt\/\" class=\"elementor-item\">contact<\/a><\/li>\n<\/ul>\t\t\t<\/nav>\n\t\t\t\t\t<div class=\"elementor-menu-toggle\" role=\"button\" tabindex=\"0\" aria-label=\"Menu Toggle\" aria-expanded=\"false\">\n\t\t\t<i aria-hidden=\"true\" role=\"presentation\" class=\"elementor-menu-toggle__icon--open eicon-menu-bar\"><\/i><i aria-hidden=\"true\" role=\"presentation\" class=\"elementor-menu-toggle__icon--close eicon-close\"><\/i>\t\t<\/div>\n\t\t\t\t\t<nav class=\"elementor-nav-menu--dropdown elementor-nav-menu__container\" aria-hidden=\"true\">\n\t\t\t\t<ul id=\"menu-2-397c73e\" class=\"elementor-nav-menu\"><li class=\"menu-item menu-item-type-post_type menu-item-object-page menu-item-home menu-item-1297\"><a href=\"https:\/\/alwinawerwai.com\/en\/\" class=\"elementor-item\" tabindex=\"-1\"><i class=\"fas fa-home\"><\/i><\/a><\/li>\n<li class=\"menu-item menu-item-type-post_type menu-item-object-page menu-item-has-children menu-item-145\"><a href=\"https:\/\/alwinawerwai.com\/en\/beauty\/\" class=\"elementor-item\" tabindex=\"-1\">beauty<\/a>\n<ul class=\"sub-menu elementor-nav-menu--dropdown\">\n\t<li class=\"menu-item menu-item-type-custom menu-item-object-custom menu-item-707\"><a href=\"http:\/\/alwinawerwai.com\/en\/?page_id=142#braeute\" class=\"elementor-sub-item elementor-item-anchor\" tabindex=\"-1\">Br\u00e4ute<\/a><\/li>\n\t<li class=\"menu-item menu-item-type-custom menu-item-object-custom menu-item-718\"><a href=\"http:\/\/alwinawerwai.com\/en\/?page_id=142#produktionen\" class=\"elementor-sub-item elementor-item-anchor\" tabindex=\"-1\">Produktionen &#038; Shootings<\/a><\/li>\n\t<li class=\"menu-item menu-item-type-post_type menu-item-object-page menu-item-380\"><a href=\"https:\/\/alwinawerwai.com\/en\/workshops\/\" class=\"elementor-sub-item\" tabindex=\"-1\">DIY Workshops<\/a><\/li>\n\t<li class=\"menu-item menu-item-type-post_type menu-item-object-page menu-item-376\"><a href=\"https:\/\/alwinawerwai.com\/en\/einzelcoachings\/\" class=\"elementor-sub-item\" tabindex=\"-1\">Einzelcoachings<\/a><\/li>\n<\/ul>\n<\/li>\n<li class=\"menu-item menu-item-type-post_type menu-item-object-page menu-item-144\"><a href=\"https:\/\/alwinawerwai.com\/en\/empowerment\/\" class=\"elementor-item\" tabindex=\"-1\">empowerment<\/a><\/li>\n<li class=\"menu-item menu-item-type-post_type menu-item-object-page menu-item-1549\"><a href=\"https:\/\/alwinawerwai.com\/en\/testimonials\/\" class=\"elementor-item\" tabindex=\"-1\">Testimonials<\/a><\/li>\n<li class=\"menu-item menu-item-type-post_type menu-item-object-page menu-item-30\"><a href=\"https:\/\/alwinawerwai.com\/en\/ueber-mich\/\" class=\"elementor-item\" tabindex=\"-1\">about<\/a><\/li>\n<li class=\"menu-item menu-item-type-post_type menu-item-object-page menu-item-31\"><a href=\"https:\/\/alwinawerwai.com\/en\/kontakt\/\" class=\"elementor-item\" tabindex=\"-1\">contact<\/a><\/li>\n<\/ul>\t\t\t<\/nav>\n\t\t\t\t\t\t<\/div>\n\t\t\t\t<\/div>\n\t\t\t\t<\/div>\n\t\t<div class=\"elementor-element elementor-element-ce31715 e-con-full e-flex e-con e-child\" data-id=\"ce31715\" data-element_type=\"container\" data-e-type=\"container\">\n\t\t<div class=\"elementor-element elementor-element-d79544a e-con-full elementor-hidden-mobile e-flex e-con e-child\" data-id=\"d79544a\" data-element_type=\"container\" data-e-type=\"container\">\n\t\t\t\t<div class=\"elementor-element elementor-element-642fdde elementor-nav-menu__align-end elementor-nav-menu--dropdown-tablet elementor-nav-menu__text-align-aside elementor-nav-menu--toggle elementor-nav-menu--burger elementor-widget elementor-widget-nav-menu\" data-id=\"642fdde\" data-element_type=\"widget\" data-e-type=\"widget\" data-settings=\"{&quot;layout&quot;:&quot;horizontal&quot;,&quot;submenu_icon&quot;:{&quot;value&quot;:&quot;&lt;i class=\\&quot;fas fa-caret-down\\&quot; aria-hidden=\\&quot;true\\&quot;&gt;&lt;\\\/i&gt;&quot;,&quot;library&quot;:&quot;fa-solid&quot;},&quot;toggle&quot;:&quot;burger&quot;}\" data-widget_type=\"nav-menu.default\">\n\t\t\t\t<div class=\"elementor-widget-container\">\n\t\t\t\t\t\t\t\t<nav aria-label=\"Men\u00fc\" class=\"elementor-nav-menu--main elementor-nav-menu__container elementor-nav-menu--layout-horizontal e--pointer-underline e--animation-fade\">\n\t\t\t\t<ul id=\"menu-1-642fdde\" class=\"elementor-nav-menu\"><li class=\"menu-item menu-item-type-post_type menu-item-object-page menu-item-home menu-item-1297\"><a href=\"https:\/\/alwinawerwai.com\/en\/\" class=\"elementor-item\"><i class=\"fas fa-home\"><\/i><\/a><\/li>\n<li class=\"menu-item menu-item-type-post_type menu-item-object-page menu-item-has-children menu-item-145\"><a href=\"https:\/\/alwinawerwai.com\/en\/beauty\/\" class=\"elementor-item\">beauty<\/a>\n<ul class=\"sub-menu elementor-nav-menu--dropdown\">\n\t<li class=\"menu-item menu-item-type-custom menu-item-object-custom menu-item-707\"><a href=\"http:\/\/alwinawerwai.com\/en\/?page_id=142#braeute\" class=\"elementor-sub-item elementor-item-anchor\">Br\u00e4ute<\/a><\/li>\n\t<li class=\"menu-item menu-item-type-custom menu-item-object-custom menu-item-718\"><a href=\"http:\/\/alwinawerwai.com\/en\/?page_id=142#produktionen\" class=\"elementor-sub-item elementor-item-anchor\">Produktionen &#038; Shootings<\/a><\/li>\n\t<li class=\"menu-item menu-item-type-post_type menu-item-object-page menu-item-380\"><a href=\"https:\/\/alwinawerwai.com\/en\/workshops\/\" class=\"elementor-sub-item\">DIY Workshops<\/a><\/li>\n\t<li class=\"menu-item menu-item-type-post_type menu-item-object-page menu-item-376\"><a href=\"https:\/\/alwinawerwai.com\/en\/einzelcoachings\/\" class=\"elementor-sub-item\">Einzelcoachings<\/a><\/li>\n<\/ul>\n<\/li>\n<li class=\"menu-item menu-item-type-post_type menu-item-object-page menu-item-144\"><a href=\"https:\/\/alwinawerwai.com\/en\/empowerment\/\" class=\"elementor-item\">empowerment<\/a><\/li>\n<li class=\"menu-item menu-item-type-post_type menu-item-object-page menu-item-1549\"><a href=\"https:\/\/alwinawerwai.com\/en\/testimonials\/\" class=\"elementor-item\">Testimonials<\/a><\/li>\n<li class=\"menu-item menu-item-type-post_type menu-item-object-page menu-item-30\"><a href=\"https:\/\/alwinawerwai.com\/en\/ueber-mich\/\" class=\"elementor-item\">about<\/a><\/li>\n<li class=\"menu-item menu-item-type-post_type menu-item-object-page menu-item-31\"><a href=\"https:\/\/alwinawerwai.com\/en\/kontakt\/\" class=\"elementor-item\">contact<\/a><\/li>\n<\/ul>\t\t\t<\/nav>\n\t\t\t\t\t<div class=\"elementor-menu-toggle\" role=\"button\" tabindex=\"0\" aria-label=\"Menu Toggle\" aria-expanded=\"false\">\n\t\t\t<i aria-hidden=\"true\" role=\"presentation\" class=\"elementor-menu-toggle__icon--open eicon-menu-bar\"><\/i><i aria-hidden=\"true\" role=\"presentation\" class=\"elementor-menu-toggle__icon--close eicon-close\"><\/i>\t\t<\/div>\n\t\t\t\t\t<nav class=\"elementor-nav-menu--dropdown elementor-nav-menu__container\" aria-hidden=\"true\">\n\t\t\t\t<ul id=\"menu-2-642fdde\" class=\"elementor-nav-menu\"><li class=\"menu-item menu-item-type-post_type menu-item-object-page menu-item-home menu-item-1297\"><a href=\"https:\/\/alwinawerwai.com\/en\/\" class=\"elementor-item\" tabindex=\"-1\"><i class=\"fas fa-home\"><\/i><\/a><\/li>\n<li class=\"menu-item menu-item-type-post_type menu-item-object-page menu-item-has-children menu-item-145\"><a href=\"https:\/\/alwinawerwai.com\/en\/beauty\/\" class=\"elementor-item\" tabindex=\"-1\">beauty<\/a>\n<ul class=\"sub-menu elementor-nav-menu--dropdown\">\n\t<li class=\"menu-item menu-item-type-custom menu-item-object-custom menu-item-707\"><a href=\"http:\/\/alwinawerwai.com\/en\/?page_id=142#braeute\" class=\"elementor-sub-item elementor-item-anchor\" tabindex=\"-1\">Br\u00e4ute<\/a><\/li>\n\t<li class=\"menu-item menu-item-type-custom menu-item-object-custom menu-item-718\"><a href=\"http:\/\/alwinawerwai.com\/en\/?page_id=142#produktionen\" class=\"elementor-sub-item elementor-item-anchor\" tabindex=\"-1\">Produktionen &#038; Shootings<\/a><\/li>\n\t<li class=\"menu-item menu-item-type-post_type menu-item-object-page menu-item-380\"><a href=\"https:\/\/alwinawerwai.com\/en\/workshops\/\" class=\"elementor-sub-item\" tabindex=\"-1\">DIY Workshops<\/a><\/li>\n\t<li class=\"menu-item menu-item-type-post_type menu-item-object-page menu-item-376\"><a href=\"https:\/\/alwinawerwai.com\/en\/einzelcoachings\/\" class=\"elementor-sub-item\" tabindex=\"-1\">Einzelcoachings<\/a><\/li>\n<\/ul>\n<\/li>\n<li class=\"menu-item menu-item-type-post_type menu-item-object-page menu-item-144\"><a href=\"https:\/\/alwinawerwai.com\/en\/empowerment\/\" class=\"elementor-item\" tabindex=\"-1\">empowerment<\/a><\/li>\n<li class=\"menu-item menu-item-type-post_type menu-item-object-page menu-item-1549\"><a href=\"https:\/\/alwinawerwai.com\/en\/testimonials\/\" class=\"elementor-item\" tabindex=\"-1\">Testimonials<\/a><\/li>\n<li class=\"menu-item menu-item-type-post_type menu-item-object-page menu-item-30\"><a href=\"https:\/\/alwinawerwai.com\/en\/ueber-mich\/\" class=\"elementor-item\" tabindex=\"-1\">about<\/a><\/li>\n<li class=\"menu-item menu-item-type-post_type menu-item-object-page menu-item-31\"><a href=\"https:\/\/alwinawerwai.com\/en\/kontakt\/\" class=\"elementor-item\" tabindex=\"-1\">contact<\/a><\/li>\n<\/ul>\t\t\t<\/nav>\n\t\t\t\t\t\t<\/div>\n\t\t\t\t<\/div>\n\t\t\t\t<div class=\"elementor-element elementor-element-657f7d3 elementor-widget elementor-widget-theme-site-logo elementor-widget-image\" data-id=\"657f7d3\" data-element_type=\"widget\" data-e-type=\"widget\" data-widget_type=\"theme-site-logo.default\">\n\t\t\t\t<div class=\"elementor-widget-container\">\n\t\t\t\t\t\t\t\t\t\t\t<a href=\"https:\/\/alwinawerwai.com\/en\">\n\t\t\t<img decoding=\"async\" src=\"https:\/\/alwinawerwai.com\/wp-content\/uploads\/elementor\/thumbs\/aw-logo-email-klein-qlawkw2wr3c2ruj0r6l9z6ia3pjpkh3om77drnmrtk.png\" title=\"aw-logo-email-klein\" alt=\"aw-logo-email-klein\" loading=\"lazy\" \/>\t\t\t\t<\/a>\n\t\t\t\t\t\t\t\t\t\t\t<\/div>\n\t\t\t\t<\/div>\n\t\t\t\t<\/div>\n\t\t<div class=\"elementor-element elementor-element-78ee443 e-con-full e-flex e-con e-child\" data-id=\"78ee443\" data-element_type=\"container\" data-e-type=\"container\" data-settings=\"{&quot;background_background&quot;:&quot;classic&quot;}\">\n\t\t\t\t<div class=\"elementor-element elementor-element-977429c elementor-widget elementor-widget-heading\" data-id=\"977429c\" data-element_type=\"widget\" data-e-type=\"widget\" data-widget_type=\"heading.default\">\n\t\t\t\t<div class=\"elementor-widget-container\">\n\t\t\t\t\t<h2 class=\"elementor-heading-title elementor-size-default\">ABOUT ME<\/h2>\t\t\t\t<\/div>\n\t\t\t\t<\/div>\n\t\t\t\t<div class=\"elementor-element elementor-element-099e1c5 elementor-widget elementor-widget-text-editor\" data-id=\"099e1c5\" data-element_type=\"widget\" data-e-type=\"widget\" data-widget_type=\"text-editor.default\">\n\t\t\t\t<div class=\"elementor-widget-container\">\n\t\t\t\t\t\t\t\t\t<p style=\"text-align: left;\">besser, wenn du wei\u00dft, mit wem du arbeitest.<\/p>\t\t\t\t\t\t\t\t<\/div>\n\t\t\t\t<\/div>\n\t\t\t\t<div class=\"elementor-element elementor-element-7053a82 elementor-widget elementor-widget-text-editor\" data-id=\"7053a82\" data-element_type=\"widget\" data-e-type=\"widget\" data-widget_type=\"text-editor.default\">\n\t\t\t\t<div class=\"elementor-widget-container\">\n\t\t\t\t\t\t\t\t\t<p style=\"text-align: left;\"><span style=\"font-family: var( --e-global-typography-secondary-font-family ), Sans-serif;\">Alwina, extrovertierte, aber <\/span>hochsensible<span style=\"font-family: var( --e-global-typography-secondary-font-family ), Sans-serif;\"> Mom of 5. Brauche Jesus, lebe Minimalismus, lieb Margeriten, Chips und Aperoli.<\/span><\/p><p style=\"text-align: left;\">2015 habe ich mich als Hair &amp; Make-Up Artist selbstst\u00e4ndig gemacht und lebe seither meinen Traum, Menschen \u00e4u\u00dferlich sch\u00f6n zu machen und dabei die innere Sch\u00f6nheit zu st\u00e4rken. Unz\u00e4hlige Menschen durfte ich in all den Jahren begleiten und sie wundersch\u00f6n und gl\u00fccklich aus dem Stuhl gehen lassen.<\/p><p style=\"text-align: left;\">Ich glaube daran, dass jeder Mensch sch\u00f6n, wertvoll und besonders ist. Lass mich dir zeigen, was ich in dir sehe!<\/p><p style=\"text-align: left;\">Ich arbeite rund um Wetzlar und \u00fcberall, wo du mich buchst.\u00a0<\/p>\t\t\t\t\t\t\t\t<\/div>\n\t\t\t\t<\/div>\n\t\t\t\t<\/div>\n\t\t\t\t<\/div>\n\t\t\t\t<\/div>\n\t\t<div class=\"elementor-element elementor-element-9e0ba20 e-con-full e-flex e-con e-parent\" data-id=\"9e0ba20\" data-element_type=\"container\" data-e-type=\"container\">\n\t\t\t\t<\/div>\n\t\t\t\t<\/div>","protected":false},"excerpt":{"rendered":"<p>ABOUT ME besser, wenn du wei\u00dft, mit wem du arbeitest. Alwina, extrovertierte, aber hochsensible Mom of 5. Brauche Jesus, lebe Minimalismus, lieb Margeriten, Chips und Aperoli. 2015 habe ich mich als Hair &amp; Make-Up Artist selbstst\u00e4ndig gemacht und lebe seither meinen Traum, Menschen \u00e4u\u00dferlich sch\u00f6n zu machen und dabei die innere Sch\u00f6nheit zu st\u00e4rken. Unz\u00e4hlige&#8230;<\/p>","protected":false},"author":1,"featured_media":0,"parent":0,"menu_order":0,"comment_status":"closed","ping_status":"closed","template":"elementor_header_footer","meta":{"footnotes":""},"class_list":["post-28","page","type-page","status-publish","hentry"],"_links":{"self":[{"href":"https:\/\/alwinawerwai.com\/en\/wp-json\/wp\/v2\/pages\/28","targetHints":{"allow":["GET"]}}],"collection":[{"href":"https:\/\/alwinawerwai.com\/en\/wp-json\/wp\/v2\/pages"}],"about":[{"href":"https:\/\/alwinawerwai.com\/en\/wp-json\/wp\/v2\/types\/page"}],"author":[{"embeddable":true,"href":"https:\/\/alwinawerwai.com\/en\/wp-json\/wp\/v2\/users\/1"}],"replies":[{"embeddable":true,"href":"https:\/\/alwinawerwai.com\/en\/wp-json\/wp\/v2\/comments?post=28"}],"version-history":[{"count":74,"href":"https:\/\/alwinawerwai.com\/en\/wp-json\/wp\/v2\/pages\/28\/revisions"}],"predecessor-version":[{"id":1308,"href":"https:\/\/alwinawerwai.com\/en\/wp-json\/wp\/v2\/pages\/28\/revisions\/1308"}],"wp:attachment":[{"href":"https:\/\/alwinawerwai.com\/en\/wp-json\/wp\/v2\/media?parent=28"}],"curies":[{"name":"wp","href":"https:\/\/api.w.org\/{rel}","templated":true}]}}