{"id":1531,"date":"2025-04-09T15:51:38","date_gmt":"2025-04-09T15:51:38","guid":{"rendered":"https:\/\/alwinawerwai.com\/?page_id=1531"},"modified":"2025-04-09T16:20:54","modified_gmt":"2025-04-09T16:20:54","slug":"testimonials","status":"publish","type":"page","link":"https:\/\/alwinawerwai.com\/en\/testimonials\/","title":{"rendered":"Testimonials"},"content":{"rendered":"<div data-elementor-type=\"wp-page\" data-elementor-id=\"1531\" class=\"elementor elementor-1531\" data-elementor-post-type=\"page\">\n\t\t\t\t<div class=\"elementor-element elementor-element-e776b8e e-con-full e-flex e-con e-parent\" data-id=\"e776b8e\" data-element_type=\"container\" data-e-type=\"container\">\n\t\t<div class=\"elementor-element elementor-element-466805c e-con-full e-flex e-con e-child\" data-id=\"466805c\" data-element_type=\"container\" data-e-type=\"container\">\n\t\t<div class=\"elementor-element elementor-element-5293e4e e-con-full e-flex e-con e-child\" data-id=\"5293e4e\" data-element_type=\"container\" data-e-type=\"container\">\n\t\t\t\t<div class=\"elementor-element elementor-element-fd7acbd elementor-widget elementor-widget-text-editor\" data-id=\"fd7acbd\" data-element_type=\"widget\" data-e-type=\"widget\" data-widget_type=\"text-editor.default\">\n\t\t\t\t<div class=\"elementor-widget-container\">\n\t\t\t\t\t\t\t\t\t<p style=\"text-align: center;\">Das sagen meine Kunden.<\/p>\t\t\t\t\t\t\t\t<\/div>\n\t\t\t\t<\/div>\n\t\t<div class=\"elementor-element elementor-element-70bd407 e-grid e-con-boxed e-con e-child\" data-id=\"70bd407\" data-element_type=\"container\" data-e-type=\"container\">\n\t\t\t\t\t<div class=\"e-con-inner\">\n\t\t<div class=\"elementor-element elementor-element-9280768 e-con-full e-flex e-con e-child\" data-id=\"9280768\" data-element_type=\"container\" data-e-type=\"container\">\n\t\t<div class=\"elementor-element elementor-element-b0ce3b4 e-con-full e-flex e-con e-child\" data-id=\"b0ce3b4\" data-element_type=\"container\" data-e-type=\"container\" data-settings=\"{&quot;background_background&quot;:&quot;classic&quot;}\">\n\t\t\t\t<\/div>\n\t\t<div class=\"elementor-element elementor-element-510f9d9 e-con-full e-flex e-con e-child\" data-id=\"510f9d9\" data-element_type=\"container\" data-e-type=\"container\" data-settings=\"{&quot;background_background&quot;:&quot;classic&quot;}\">\n\t\t\t\t<div class=\"elementor-element elementor-element-36e8416 elementor-widget elementor-widget-text-editor\" data-id=\"36e8416\" data-element_type=\"widget\" data-e-type=\"widget\" data-widget_type=\"text-editor.default\">\n\t\t\t\t<div class=\"elementor-widget-container\">\n\t\t\t\t\t\t\t\t\t<p>MILENA | GLADENBACH<\/p>\t\t\t\t\t\t\t\t<\/div>\n\t\t\t\t<\/div>\n\t\t\t\t<div class=\"elementor-element elementor-element-3f0d0de elementor-widget elementor-widget-text-editor\" data-id=\"3f0d0de\" data-element_type=\"widget\" data-e-type=\"widget\" data-widget_type=\"text-editor.default\">\n\t\t\t\t<div class=\"elementor-widget-container\">\n\t\t\t\t\t\t\t\t\t<p>Wie eine Freundin, die ich vorher leider nicht kannte! F\u00fcr Alwina bin bis heute einfach nur unglaublich dankbar. Das Make-up war wundersch\u00f6n, hat jeden Moment gehalten, was es versprochen hat und meiner Frisur habe ich mich so unglaublich wohl gef\u00fchlt.<\/p>\t\t\t\t\t\t\t\t<\/div>\n\t\t\t\t<\/div>\n\t\t\t\t<\/div>\n\t\t\t\t<\/div>\n\t\t<div class=\"elementor-element elementor-element-6468b80 e-con-full e-flex e-con e-child\" data-id=\"6468b80\" data-element_type=\"container\" data-e-type=\"container\">\n\t\t<div class=\"elementor-element elementor-element-5c09efd e-con-full e-flex e-con e-child\" data-id=\"5c09efd\" data-element_type=\"container\" data-e-type=\"container\" data-settings=\"{&quot;background_background&quot;:&quot;classic&quot;}\">\n\t\t\t\t<\/div>\n\t\t<div class=\"elementor-element elementor-element-dcdc1bb e-con-full e-flex e-con e-child\" data-id=\"dcdc1bb\" data-element_type=\"container\" data-e-type=\"container\" data-settings=\"{&quot;background_background&quot;:&quot;classic&quot;}\">\n\t\t\t\t<div class=\"elementor-element elementor-element-3bf57d2 elementor-widget elementor-widget-text-editor\" data-id=\"3bf57d2\" data-element_type=\"widget\" data-e-type=\"widget\" data-widget_type=\"text-editor.default\">\n\t\t\t\t<div class=\"elementor-widget-container\">\n\t\t\t\t\t\t\t\t\t<p style=\"text-align: center;\">NINA | GIESSEN<\/p>\t\t\t\t\t\t\t\t<\/div>\n\t\t\t\t<\/div>\n\t\t\t\t<div class=\"elementor-element elementor-element-d11a704 elementor-widget elementor-widget-text-editor\" data-id=\"d11a704\" data-element_type=\"widget\" data-e-type=\"widget\" data-widget_type=\"text-editor.default\">\n\t\t\t\t<div class=\"elementor-widget-container\">\n\t\t\t\t\t\t\t\t\t<p>Ich habe Alwina f\u00fcr mein Brautstyling gebucht und bin super zufrieden. Als ich ihr von meinem jahrelangen \u201eLeidensweg\u201c, was meine unreine Haut angeht, erz\u00e4hlt habe, hat sie mir empfohlen jeden Morgen frischen Sellerie zu entsaften und nach bereits 3 Wochen habe ich eine reine Haut! Unfassbar!! Ich bin so gl\u00fccklich, endlich nach 15!! Jahren. Alwina hat mein Leben ver\u00e4ndert!<\/p>\t\t\t\t\t\t\t\t<\/div>\n\t\t\t\t<\/div>\n\t\t\t\t<\/div>\n\t\t\t\t<\/div>\n\t\t<div class=\"elementor-element elementor-element-9447201 e-con-full e-flex e-con e-child\" data-id=\"9447201\" data-element_type=\"container\" data-e-type=\"container\">\n\t\t<div class=\"elementor-element elementor-element-a2f86d6 e-con-full e-flex e-con e-child\" data-id=\"a2f86d6\" data-element_type=\"container\" data-e-type=\"container\" data-settings=\"{&quot;background_background&quot;:&quot;classic&quot;}\">\n\t\t\t\t<\/div>\n\t\t<div class=\"elementor-element elementor-element-e3b9c0f e-con-full e-flex e-con e-child\" data-id=\"e3b9c0f\" data-element_type=\"container\" data-e-type=\"container\" data-settings=\"{&quot;background_background&quot;:&quot;classic&quot;}\">\n\t\t\t\t<div class=\"elementor-element elementor-element-f633bf4 elementor-widget elementor-widget-text-editor\" data-id=\"f633bf4\" data-element_type=\"widget\" data-e-type=\"widget\" data-widget_type=\"text-editor.default\">\n\t\t\t\t<div class=\"elementor-widget-container\">\n\t\t\t\t\t\t\t\t\t<p>JASMIN | SCHWEINFURT<span class=\"Apple-converted-space\">\u00a0<\/span><\/p>\t\t\t\t\t\t\t\t<\/div>\n\t\t\t\t<\/div>\n\t\t\t\t<div class=\"elementor-element elementor-element-a0700f1 elementor-widget elementor-widget-text-editor\" data-id=\"a0700f1\" data-element_type=\"widget\" data-e-type=\"widget\" data-widget_type=\"text-editor.default\">\n\t\t\t\t<div class=\"elementor-widget-container\">\n\t\t\t\t\t\t\t\t\t<p>Da meine gebuchte Stylistin einen Tag vor meiner Hochzeit abgesprungen ist, haben wir verzweifelt jemanden gesucht und Gott sei Dank Alwina gefunden: Sie hat uns mit ihrer offenen und liebevollen Art wunderbar durch den Tag begleitet und wir sahen alle umwerfend aus. Liebe Alwina, 1000 Dank, dass du meine Hochzeit gerettet hast. Ohne dich w\u00e4re ich aufgeschmissen gewesen!<\/p>\t\t\t\t\t\t\t\t<\/div>\n\t\t\t\t<\/div>\n\t\t\t\t<\/div>\n\t\t\t\t<\/div>\n\t\t<div class=\"elementor-element elementor-element-8723c87 e-con-full e-flex e-con e-child\" data-id=\"8723c87\" data-element_type=\"container\" data-e-type=\"container\">\n\t\t<div class=\"elementor-element elementor-element-9687683 e-con-full e-flex e-con e-child\" data-id=\"9687683\" data-element_type=\"container\" data-e-type=\"container\" data-settings=\"{&quot;background_background&quot;:&quot;classic&quot;}\">\n\t\t\t\t<\/div>\n\t\t<div class=\"elementor-element elementor-element-b61c9d9 e-con-full e-flex e-con e-child\" data-id=\"b61c9d9\" data-element_type=\"container\" data-e-type=\"container\" data-settings=\"{&quot;background_background&quot;:&quot;classic&quot;}\">\n\t\t\t\t<div class=\"elementor-element elementor-element-3a95978 elementor-widget elementor-widget-text-editor\" data-id=\"3a95978\" data-element_type=\"widget\" data-e-type=\"widget\" data-widget_type=\"text-editor.default\">\n\t\t\t\t<div class=\"elementor-widget-container\">\n\t\t\t\t\t\t\t\t\t<p>MELANIE | BAMBERG<\/p>\t\t\t\t\t\t\t\t<\/div>\n\t\t\t\t<\/div>\n\t\t\t\t<div class=\"elementor-element elementor-element-1b8901c elementor-widget elementor-widget-text-editor\" data-id=\"1b8901c\" data-element_type=\"widget\" data-e-type=\"widget\" data-widget_type=\"text-editor.default\">\n\t\t\t\t<div class=\"elementor-widget-container\">\n\t\t\t\t\t\t\t\t\t<p>Jeder Handgriff sitzt perfekt, sodass man sich sofort entspannen kann, weil man wei\u00df, dass das Endergebnis einfach ph\u00e4nomenal wird. W\u00e4hrend des Shootings hatte sie immer ein Auge darauf, dass alles perfekt sitzt.<\/p>\t\t\t\t\t\t\t\t<\/div>\n\t\t\t\t<\/div>\n\t\t\t\t<\/div>\n\t\t\t\t<\/div>\n\t\t<div class=\"elementor-element elementor-element-4bd514e e-con-full e-flex e-con e-child\" data-id=\"4bd514e\" data-element_type=\"container\" data-e-type=\"container\">\n\t\t<div class=\"elementor-element elementor-element-b04a583 e-con-full e-flex e-con e-child\" data-id=\"b04a583\" data-element_type=\"container\" data-e-type=\"container\" data-settings=\"{&quot;background_background&quot;:&quot;classic&quot;}\">\n\t\t\t\t<\/div>\n\t\t<div class=\"elementor-element elementor-element-250bb41 e-con-full e-flex e-con e-child\" data-id=\"250bb41\" data-element_type=\"container\" data-e-type=\"container\" data-settings=\"{&quot;background_background&quot;:&quot;classic&quot;}\">\n\t\t\t\t<div class=\"elementor-element elementor-element-d7c742b elementor-widget elementor-widget-text-editor\" data-id=\"d7c742b\" data-element_type=\"widget\" data-e-type=\"widget\" data-widget_type=\"text-editor.default\">\n\t\t\t\t<div class=\"elementor-widget-container\">\n\t\t\t\t\t\t\t\t\t<p style=\"text-align: center;\">CELINA | FRANKFURT<\/p>\t\t\t\t\t\t\t\t<\/div>\n\t\t\t\t<\/div>\n\t\t\t\t<div class=\"elementor-element elementor-element-b9bac46 elementor-widget elementor-widget-text-editor\" data-id=\"b9bac46\" data-element_type=\"widget\" data-e-type=\"widget\" data-widget_type=\"text-editor.default\">\n\t\t\t\t<div class=\"elementor-widget-container\">\n\t\t\t\t\t\t\t\t\t<p>Alwina ist ein ganz wunderbarer Mensch. Am Tag meiner Hochzeit hat sie mir die Ruhe gebracht und mich so gestylt, wie ich es wollte: Am Ende war ich eine wundersch\u00f6ne und entspannte Braut. Vielen Dank daf\u00fcr. Ich w\u00fcrde meine Hand f\u00fcr Dich ins Feuer legen.<\/p>\t\t\t\t\t\t\t\t<\/div>\n\t\t\t\t<\/div>\n\t\t\t\t<\/div>\n\t\t\t\t<\/div>\n\t\t<div class=\"elementor-element elementor-element-aedba39 e-con-full e-flex e-con e-child\" data-id=\"aedba39\" data-element_type=\"container\" data-e-type=\"container\">\n\t\t<div class=\"elementor-element elementor-element-f4c8a1e e-con-full e-flex e-con e-child\" data-id=\"f4c8a1e\" data-element_type=\"container\" data-e-type=\"container\" data-settings=\"{&quot;background_background&quot;:&quot;classic&quot;}\">\n\t\t\t\t<\/div>\n\t\t<div class=\"elementor-element elementor-element-e88c81b e-con-full e-flex e-con e-child\" data-id=\"e88c81b\" data-element_type=\"container\" data-e-type=\"container\" data-settings=\"{&quot;background_background&quot;:&quot;classic&quot;}\">\n\t\t\t\t<div class=\"elementor-element elementor-element-c689243 elementor-widget elementor-widget-text-editor\" data-id=\"c689243\" data-element_type=\"widget\" data-e-type=\"widget\" data-widget_type=\"text-editor.default\">\n\t\t\t\t<div class=\"elementor-widget-container\">\n\t\t\t\t\t\t\t\t\t<p>INES | HANNOVER<\/p>\t\t\t\t\t\t\t\t<\/div>\n\t\t\t\t<\/div>\n\t\t\t\t<div class=\"elementor-element elementor-element-00b61fe elementor-widget elementor-widget-text-editor\" data-id=\"00b61fe\" data-element_type=\"widget\" data-e-type=\"widget\" data-widget_type=\"text-editor.default\">\n\t\t\t\t<div class=\"elementor-widget-container\">\n\t\t\t\t\t\t\t\t\t<p>Das Business-Shooting mit Alwina war eine au\u00dfergew\u00f6hnliche Erfahrung. Ihre professionelle Arbeitsweise kombiniert sie mit einer erfrischenden Herzlichkeit, die das gesamte Shooting zu einem unvergesslichen Erlebnis gemacht hat.<\/p>\t\t\t\t\t\t\t\t<\/div>\n\t\t\t\t<\/div>\n\t\t\t\t<\/div>\n\t\t\t\t<\/div>\n\t\t\t\t\t<\/div>\n\t\t\t\t<\/div>\n\t\t\t\t<\/div>\n\t\t<div class=\"elementor-element elementor-element-1cce4a5 e-con-full e-flex e-con e-child\" data-id=\"1cce4a5\" data-element_type=\"container\" data-e-type=\"container\">\n\t\t\t\t<\/div>\n\t\t\t\t<\/div>\n\t\t<div class=\"elementor-element elementor-element-e244690 e-con-full e-flex e-con e-child\" data-id=\"e244690\" data-element_type=\"container\" data-e-type=\"container\" data-settings=\"{&quot;background_background&quot;:&quot;classic&quot;}\">\n\t\t\t\t<\/div>\n\t\t\t\t<\/div>\n\t\t\t\t<\/div>","protected":false},"excerpt":{"rendered":"<p>Das sagen meine Kunden. MILENA | GLADENBACH Wie eine Freundin, die ich vorher leider nicht kannte! F\u00fcr Alwina bin bis heute einfach nur unglaublich dankbar. Das Make-up war wundersch\u00f6n, hat jeden Moment gehalten, was es versprochen hat und meiner Frisur habe ich mich so unglaublich wohl gef\u00fchlt. NINA | GIESSEN Ich habe Alwina f\u00fcr mein&#8230;<\/p>","protected":false},"author":13,"featured_media":0,"parent":0,"menu_order":0,"comment_status":"closed","ping_status":"closed","template":"elementor_header_footer","meta":{"footnotes":""},"class_list":["post-1531","page","type-page","status-publish","hentry"],"_links":{"self":[{"href":"https:\/\/alwinawerwai.com\/en\/wp-json\/wp\/v2\/pages\/1531","targetHints":{"allow":["GET"]}}],"collection":[{"href":"https:\/\/alwinawerwai.com\/en\/wp-json\/wp\/v2\/pages"}],"about":[{"href":"https:\/\/alwinawerwai.com\/en\/wp-json\/wp\/v2\/types\/page"}],"author":[{"embeddable":true,"href":"https:\/\/alwinawerwai.com\/en\/wp-json\/wp\/v2\/users\/13"}],"replies":[{"embeddable":true,"href":"https:\/\/alwinawerwai.com\/en\/wp-json\/wp\/v2\/comments?post=1531"}],"version-history":[{"count":10,"href":"https:\/\/alwinawerwai.com\/en\/wp-json\/wp\/v2\/pages\/1531\/revisions"}],"predecessor-version":[{"id":1548,"href":"https:\/\/alwinawerwai.com\/en\/wp-json\/wp\/v2\/pages\/1531\/revisions\/1548"}],"wp:attachment":[{"href":"https:\/\/alwinawerwai.com\/en\/wp-json\/wp\/v2\/media?parent=1531"}],"curies":[{"name":"wp","href":"https:\/\/api.w.org\/{rel}","templated":true}]}}